{"id":712,"date":"2025-04-01T08:57:24","date_gmt":"2025-04-01T06:57:24","guid":{"rendered":"https:\/\/secretaligner.com\/politica-de-cookies\/"},"modified":"2025-05-16T11:25:25","modified_gmt":"2025-05-16T09:25:25","slug":"politica-de-cookies","status":"publish","type":"page","link":"https:\/\/secretaligner.com\/pt\/politica-de-cookies\/","title":{"rendered":"Pol\u00edtica de cookies"},"content":{"rendered":"<p>A Secret Aligner S.L. informa sobre o uso de cookies no seu site: https:\/\/secretaligner.com\/<\/p>\n<h4>O que s\u00e3o os cookies?<\/h4>\n<p>Os cookies s\u00e3o ficheiros que podem ser descarregados para o seu dispositivo atrav\u00e9s das p\u00e1ginas web. S\u00e3o ferramentas que desempenham um papel essencial na presta\u00e7\u00e3o de diversos servi\u00e7os da sociedade da informa\u00e7\u00e3o. Entre outros, permitem a uma p\u00e1gina web armazenar e recuperar informa\u00e7\u00e3o sobre os h\u00e1bitos de navega\u00e7\u00e3o de um utilizador ou do seu dispositivo e, dependendo da informa\u00e7\u00e3o obtida, podem ser utilizados para reconhecer o utilizador e melhorar o servi\u00e7o oferecido.<\/p>\n<h4>Tipos de cookies<\/h4>\n<p>De acordo com a entidade que gere o dom\u00ednio de onde s\u00e3o enviadas as cookies e trata os dados que s\u00e3o obtidos, podem ser distinguidos dois tipos:<\/p>\n<ul>\n<li>\u00a0<em>Cookies pr\u00f3prias:<\/em> Aqueles que s\u00e3o enviados para o dispositivo do utilizador a partir de um equipamento ou dom\u00ednio gerido pelo pr\u00f3prio editor e a partir do qual \u00e9 prestado o servi\u00e7o solicitado pelo utilizador.<\/li>\n<li><em>Cookies de terceiros:<\/em> Aqueles que s\u00e3o enviados para o dispositivo do utilizador a partir de um equipamento ou dom\u00ednio que n\u00e3o \u00e9 gerido pelo editor, mas por outra entidade que trata os dados obtidos atrav\u00e9s das cookies.&#8221;<\/li>\n<\/ul>\n<p>No caso de as cookies serem instaladas a partir de um dispositivo ou dom\u00ednio gerido pelo pr\u00f3prio editor, mas a informa\u00e7\u00e3o recolhida atrav\u00e9s delas ser gerida por um terceiro, n\u00e3o podem ser consideradas como cookies pr\u00f3prias.<\/p>\n<p>Existe tamb\u00e9m uma segunda classifica\u00e7\u00e3o, de acordo com o per\u00edodo de tempo em que permanecem armazenadas no navegador do utilizador, podendo tratar-se de:<\/p>\n<ul>\n<li><em>Cookies de sess\u00e3o:<\/em> Projetadas para obter e armazenar dados enquanto o utilizador acede a uma p\u00e1gina web. Normalmente, s\u00e3o usadas para armazenar informa\u00e7\u00f5es que s\u00f3 interessa conservar para a presta\u00e7\u00e3o do servi\u00e7o solicitado pelo utilizador em uma \u00fanica ocasi\u00e3o (por exemplo, uma lista de produtos adquiridos).<\/li>\n<li><em>Cookies persistentes:<\/em> Os dados continuam armazenados no dispositivo e podem ser acedidos e tratados durante um per\u00edodo definido pelo respons\u00e1vel pela cookie, que pode variar de alguns minutos a v\u00e1rios anos.<\/li>\n<\/ul>\n<p>Por fim, existe outra classifica\u00e7\u00e3o com seis tipos de cookies, de acordo com a finalidade para a qual os dados obtidos s\u00e3o tratados:<\/p>\n<ul>\n<li><em>Cookies t\u00e9cnicas:<\/em> Aqueles que permitem ao utilizador a navega\u00e7\u00e3o atrav\u00e9s de uma p\u00e1gina web, plataforma ou aplica\u00e7\u00e3o, e a utiliza\u00e7\u00e3o das diferentes op\u00e7\u00f5es ou servi\u00e7os que nela existam, como, por exemplo, controlar o tr\u00e1fego e a comunica\u00e7\u00e3o de dados, identificar a sess\u00e3o, aceder a \u00e1reas de acesso restrito, lembrar os itens que integram um pedido, realizar o processo de compra de um pedido, realizar a solicita\u00e7\u00e3o de inscri\u00e7\u00e3o ou participa\u00e7\u00e3o em um evento, utilizar elementos de seguran\u00e7a durante a navega\u00e7\u00e3o, armazenar conte\u00fados para a difus\u00e3o de v\u00eddeos ou som, ou partilhar conte\u00fados atrav\u00e9s de redes sociais.<\/li>\n<li><em>Cookies de personaliza\u00e7\u00e3o:<\/em> Permitem ao utilizador aceder ao servi\u00e7o com algumas caracter\u00edsticas de car\u00e1ter geral predefinidas, com base em uma s\u00e9rie de crit\u00e9rios no dispositivo do utilizador, como, por exemplo, o idioma, o tipo de navegador atrav\u00e9s do qual acede ao servi\u00e7o, a configura\u00e7\u00e3o regional de onde acede ao servi\u00e7o, etc.<\/li>\n<li><em>Cookies de an\u00e1lise:<\/em> Permitem ao respons\u00e1vel pelas mesmas, o acompanhamento e an\u00e1lise do comportamento dos utilizadores dos sites aos quais est\u00e3o vinculadas. A informa\u00e7\u00e3o obtida atrav\u00e9s deste tipo de cookies \u00e9 utilizada na medi\u00e7\u00e3o da atividade dos sites, aplica\u00e7\u00f5es ou plataformas, e na elabora\u00e7\u00e3o de perfis de navega\u00e7\u00e3o dos utilizadores desses sites, aplica\u00e7\u00f5es e plataformas, com o objetivo de introduzir melhorias com base na an\u00e1lise dos dados de uso feitos pelos utilizadores do servi\u00e7o.<\/li>\n<li><em>Cookies publicit\u00e1rias:<\/em> Permitem a gest\u00e3o, da forma mais eficaz poss\u00edvel, dos espa\u00e7os publicit\u00e1rios.<\/li>\n<li><em>Cookies de publicidade comportamental:<\/em> Armazenam informa\u00e7\u00f5es sobre o comportamento dos utilizadores obtidas atrav\u00e9s da observa\u00e7\u00e3o cont\u00ednua dos seus h\u00e1bitos de navega\u00e7\u00e3o, o que permite desenvolver um perfil espec\u00edfico para mostrar publicidade com base nesse perfil.<\/li>\n<li><em>Cookies de redes sociais externas:<\/em> S\u00e3o utilizadas para que os visitantes possam interagir com o conte\u00fado de diferentes plataformas sociais (Facebook, YouTube, Twitter, LinkedIn, etc.) e que sejam geradas exclusivamente para os utilizadores dessas redes sociais. As condi\u00e7\u00f5es de utiliza\u00e7\u00e3o destas cookies e a informa\u00e7\u00e3o obtida s\u00e3o reguladas pela pol\u00edtica de privacidade da plataforma social correspondente.<\/li>\n<\/ul>\n<h4>Desativa\u00e7\u00e3o e elimina\u00e7\u00e3o de cookies<\/h4>\n<p>Tem a op\u00e7\u00e3o de permitir, bloquear ou eliminar as cookies instaladas no seu equipamento atrav\u00e9s da configura\u00e7\u00e3o das op\u00e7\u00f5es do navegador instalado no seu equipamento. Ao desativar cookies, alguns dos servi\u00e7os dispon\u00edveis poder\u00e3o deixar de estar operacionais. A forma de desativar as cookies \u00e9 diferente para cada navegador, mas normalmente pode ser feita atrav\u00e9s do menu Ferramentas ou Op\u00e7\u00f5es. Tamb\u00e9m pode ser consultado o menu de Ajuda do navegador, onde pode encontrar instru\u00e7\u00f5es. O utilizador poder\u00e1, a qualquer momento, escolher quais cookies deseja que funcionem neste site.<\/p>\n<p>Pode permitir, bloquear ou eliminar as cookies instaladas no seu equipamento atrav\u00e9s da configura\u00e7\u00e3o das op\u00e7\u00f5es do navegador instalado no seu computador:<\/p>\n<ul>\n<li>Microsoft Internet Explorer o Microsoft Edge:\u00a0<a href=\"http:\/\/windows.microsoft.com\/es-es\/windows-vista\/Block-or-allow-cookies\" target=\"_blank\" rel=\"noopener\">http:\/\/windows.microsoft.com\/es-es\/windows-vista\/Block-or-allow-cookies<\/a><\/li>\n<li>Mozilla Firefox:\u00a0<a href=\"http:\/\/support.mozilla.org\/es\/kb\/impedir-que-los-sitios-web-guarden-sus-preferencia\" target=\"_blank\" rel=\"noopener\">http:\/\/support.mozilla.org\/es\/kb\/impedir-que-los-sitios-web-guarden-sus-preferencia<\/a><\/li>\n<li>Chrome:\u00a0<a href=\"https:\/\/support.google.com\/accounts\/answer\/61416?hl=es\" target=\"_blank\" rel=\"noopener\">https:\/\/support.google.com\/accounts\/answer\/61416?hl=es<\/a><\/li>\n<li>Safari:\u00a0<a href=\"http:\/\/safari.helpmax.net\/es\/privacidad-y-seguridad\/como-gestionar-las-cookies\/\" target=\"_blank\" rel=\"noopener\">http:\/\/safari.helpmax.net\/es\/privacidad-y-seguridad\/como-gestionar-las-cookies\/<\/a><\/li>\n<li>Opera:\u00a0<a href=\"http:\/\/help.opera.com\/Linux\/10.60\/es-ES\/cookies.html\" target=\"_blank\" rel=\"noopener\">http:\/\/help.opera.com\/Linux\/10.60\/es-ES\/cookies.html<\/a><\/li>\n<\/ul>\n<div class=\"ewa-rteLine\">Al\u00e9m disso, tamb\u00e9m pode gerir o armazenamento de cookies no seu navegador atrav\u00e9s de ferramentas como as seguintes:<\/div>\n<ul>\n<li>Ghostery:\u00a0<a href=\"http:\/\/www.ghostery.com\/\" target=\"_blank\" rel=\"noopener\">www.ghostery.com<\/a><\/li>\n<li>Your Online Choices:\u00a0<a href=\"http:\/\/www.youronlinechoices.com\/es\/\" target=\"_blank\" rel=\"noopener\">www.youronlinechoices.com\/es\/<\/a><\/li>\n<li>Cookies utilizadas en\u00a0<a href=\"https:\/\/secretaligner.com\/pt\/\">https:\/\/secretaligner.com\/<\/a><\/li>\n<\/ul>\n<p>Os cookies que est\u00e3o a ser utilizados neste s\u00edtio Web s\u00e3o identificados abaixo, bem como o seu tipo e fun\u00e7\u00e3o:<\/p>\n<h5>_ga<\/h5>\n<p><strong>Dura\u00e7\u00e3o<\/strong>: 2 anos<\/p>\n<p><strong>Descri\u00e7\u00e3o<\/strong>: Serve para distinguir os utilizadores. Gerada pelo Google Analytics. O Google armazena a informa\u00e7\u00e3o recolhida pelas cookies em servidores localizados nos Estados Unidos, cumprindo com a legisla\u00e7\u00e3o Europeia em rela\u00e7\u00e3o \u00e0 prote\u00e7\u00e3o de dados pessoais e compromete-se a n\u00e3o partilh\u00e1-la com terceiros, exceto quando a lei o obrigue a faz\u00ea-lo ou seja necess\u00e1rio para o funcionamento do sistema.<\/p>\n<div class=\"ewa-rteLine\">A Google n\u00e3o associa o seu endere\u00e7o IP a nenhuma outra informa\u00e7\u00e3o que possua. Se desejar obter mais informa\u00e7\u00f5es sobre os cookies usados pelo Google Analytics, por favor aceda a este endere\u00e7o:<\/div>\n<p><a href=\"https:\/\/developers.google.com\/analytics\/devguides\/collection\/analyticsjs\/cookie-usage?hl=es&amp;csw=1\" target=\"_blank\" rel=\"noopener\">https:\/\/developers.google.com\/analytics\/devguides\/collection\/analyticsjs\/cookie-usage?hl=es&amp;csw=1<\/a><\/p>\n<p><strong>Tipo<\/strong>: Terceiro<\/p>\n<p><strong>Finalidade<\/strong>: Anal\u00edtica<\/p>\n<h5>_gat<\/h5>\n<p><strong>Dura\u00e7\u00e3o<\/strong>: 1 minuto<\/p>\n<p><strong>Descri\u00e7\u00e3o<\/strong>: Utilizada para mostrar a nossa publicidade em outras p\u00e1ginas da rede do Google. Gerada pelo Google Analytics. A Google armazena a informa\u00e7\u00e3o obtida pelos cookies em servidores localizados nos Estados Unidos, cumprindo com a legisla\u00e7\u00e3o Europeia em mat\u00e9ria de prote\u00e7\u00e3o de dados pessoais e compromete-se a n\u00e3o partilh\u00e1-la com terceiros, exceto quando a lei o obrigue ou seja necess\u00e1rio para o funcionamento do sistema. A Google n\u00e3o associa o seu endere\u00e7o IP a nenhuma outra informa\u00e7\u00e3o que possua. Se desejar obter mais informa\u00e7\u00e3o acerca dos cookies usados pelo Google Analytics, por favor aceda a este endere\u00e7o:<br \/>\n<a href=\"https:\/\/developers.google.com\/analytics\/devguides\/collection\/analyticsjs\/cookie-usage?hl=es&amp;csw=1\" target=\"_blank\" rel=\"noopener\">https:\/\/developers.google.com\/analytics\/devguides\/collection\/analyticsjs\/cookie-usage?hl=es&amp;csw=1<\/a><\/p>\n<p><strong>Tipo<\/strong>: Tercero<\/p>\n<p><strong>Finalidade<\/strong>: Publicidade comportamental<\/p>\n<h5>_gid<\/h5>\n<p><strong>Dura\u00e7\u00e3o<\/strong>: 24 horas<\/p>\n<p><strong>Descri\u00e7\u00e3o<\/strong>: Gerada pelo Google Analytics. A Google armazena a informa\u00e7\u00e3o obtida pelos cookies em servidores localizados nos Estados Unidos, cumprindo com a legisla\u00e7\u00e3o Europeia em mat\u00e9ria de prote\u00e7\u00e3o de dados pessoais e compromete-se a n\u00e3o partilh\u00e1-la com terceiros, exceto quando a lei o obrigue ou seja necess\u00e1rio para o funcionamento do sistema. O Google n\u00e3o associa o seu endere\u00e7o IP a nenhuma outra informa\u00e7\u00e3o que possua. Se desejar obter mais informa\u00e7\u00e3o sobre os cookies usados pelo Google Analytics, por favor aceda a este endere\u00e7o:<br \/>\n<a href=\"https:\/\/developers.google.com\/analytics\/devguides\/collection\/analyticsjs\/cookie-usage?hl=es&amp;csw\" target=\"_blank\" rel=\"noopener\">https:\/\/developers.google.com\/analytics\/devguides\/collection\/analyticsjs\/cookie-usage?hl=es&amp;csw<\/a><\/p>\n<p><strong>Tipo<\/strong>: Terceiro<\/p>\n<p><strong>Finalidade<\/strong>: Publicidade comportamental<\/p>\n<h5>_gac_<\/h5>\n<p><strong>Dura\u00e7\u00e3o<\/strong>: 90 dias<\/p>\n<p><strong>Descri\u00e7\u00e3o<\/strong>: Inclui informa\u00e7\u00e3o da campanha relativa ao utilizador. Se tiveres vinculado as tuas contas do Google Analytics e do AdWords, as etiquetas de convers\u00e3o dos sites ir\u00e3o ler este cookie, a menos que o desabilites.<\/p>\n<p><strong>Tipo<\/strong>: Terceiro<\/p>\n<p><strong>Finalidade<\/strong>: Anal\u00edtica<\/p>\n<p><a href=\"https:\/\/secretaligner.com\/pt\/\">https:\/\/secretaligner.com\/<\/a> exibe informa\u00e7\u00e3o sobre a sua Pol\u00edtica de Cookies na parte inferior ou superior de qualquer p\u00e1gina do portal a cada in\u00edcio de sess\u00e3o.<\/p>\n<p>Face a esta informa\u00e7\u00e3o, \u00e9 poss\u00edvel realizar as seguintes a\u00e7\u00f5es:<\/p>\n<ul>\n<li><em>Aceitar cookies<\/em>: N\u00e3o ser\u00e1 exibido novamente este aviso ao aceder a qualquer p\u00e1gina do portal durante a presente sess\u00e3o.<\/li>\n<li><em>Modificar\/personalizar a sua configura\u00e7\u00e3o<\/em>: Poder\u00e1 obter mais informa\u00e7\u00e3o sobre o que s\u00e3o os cookies, consultar a Pol\u00edtica de cookies de: https:\/\/secretaligner.com\/ e modificar a configura\u00e7\u00e3o do seu navegador.<\/li>\n<\/ul>\n","protected":false},"excerpt":{"rendered":"<p>A Secret Aligner S.L. informa sobre o uso de cookies no seu site: https:\/\/secretaligner.com\/ O que s\u00e3o os cookies? Os cookies s\u00e3o ficheiros que podem ser descarregados para o seu dispositivo atrav\u00e9s das p\u00e1ginas web. S\u00e3o ferramentas que desempenham um papel essencial na presta\u00e7\u00e3o de diversos servi\u00e7os da sociedade da informa\u00e7\u00e3o. Entre outros, permitem a [&hellip;]<\/p>\n","protected":false},"author":1,"featured_media":0,"parent":0,"menu_order":0,"comment_status":"closed","ping_status":"closed","template":"","meta":{"_acf_changed":false,"footnotes":""},"class_list":["post-712","page","type-page","status-publish","hentry"],"acf":[],"rankMath":{"parentDomain":"secretaligner.com","noFollowDomains":[],"noFollowExcludeDomains":[],"noFollowExternalLinks":false,"featuredImageNotice":"The featured image should be at least 200 by 200 pixels to be picked up by Facebook and other social media sites.","pluginReviewed":false,"postSettings":{"linkSuggestions":true,"useFocusKeyword":false},"frontEndScore":false,"postName":"politica-de-cookies","permalinkFormat":"https:\/\/secretaligner.com\/pt\/%pagename%\/","showLockModifiedDate":true,"assessor":{"focusKeywordLink":"https:\/\/secretaligner.com\/wp-admin\/edit.php?focus_keyword=%focus_keyword%&post_type=%post_type%","hasTOCPlugin":false,"primaryTaxonomy":false,"serpData":{"title":"","description":"","focusKeywords":"","pillarContent":false,"canonicalUrl":"","breadcrumbTitle":"","advancedRobots":{"max-snippet":"-1","max-video-preview":"-1","max-image-preview":"large"},"facebookTitle":"","facebookDescription":"","facebookImage":"","facebookImageID":"","facebookHasOverlay":false,"facebookImageOverlay":"","facebookAuthor":"","twitterCardType":"","twitterUseFacebook":true,"twitterTitle":"","twitterDescription":"","twitterImage":"","twitterImageID":"","twitterHasOverlay":false,"twitterImageOverlay":"","twitterPlayerUrl":"","twitterPlayerSize":"","twitterPlayerStream":"","twitterPlayerStreamCtype":"","twitterAppDescription":"","twitterAppIphoneName":"","twitterAppIphoneID":"","twitterAppIphoneUrl":"","twitterAppIpadName":"","twitterAppIpadID":"","twitterAppIpadUrl":"","twitterAppGoogleplayName":"","twitterAppGoogleplayID":"","twitterAppGoogleplayUrl":"","twitterAppCountry":"","robots":{"index":true},"twitterAuthor":"username","primaryTerm":0,"authorName":"secretaligner","titleTemplate":"%title% %sep% %sitename%","descriptionTemplate":"%excerpt%","showScoreFrontend":true,"lockModifiedDate":false},"powerWords":[],"diacritics":{"A":"[\\u0041\\u24B6\\uFF21\\u00C0\\u00C1\\u00C2\\u1EA6\\u1EA4\\u1EAA\\u1EA8\\u00C3\\u0100\\u0102\\u1EB0\\u1EAE\\u1EB4\\u1EB2\\u0226\\u01E0\\u00C4\\u01DE\\u1EA2\\u00C5\\u01FA\\u01CD\\u0200\\u0202\\u1EA0\\u1EAC\\u1EB6\\u1E00\\u0104\\u023A\\u2C6F]","AA":"[\\uA732]","AE":"[\\u00C6\\u01FC\\u01E2]","AO":"[\\uA734]","AU":"[\\uA736]","AV":"[\\uA738\\uA73A]","AY":"[\\uA73C]","B":"[\\u0042\\u24B7\\uFF22\\u1E02\\u1E04\\u1E06\\u0243\\u0182\\u0181]","C":"[\\u0043\\u24B8\\uFF23\\u0106\\u0108\\u010A\\u010C\\u00C7\\u1E08\\u0187\\u023B\\uA73E]","D":"[\\u0044\\u24B9\\uFF24\\u1E0A\\u010E\\u1E0C\\u1E10\\u1E12\\u1E0E\\u0110\\u018B\\u018A\\u0189\\uA779]","DZ":"[\\u01F1\\u01C4]","Dz":"[\\u01F2\\u01C5]","E":"[\\u0045\\u24BA\\uFF25\\u00C8\\u00C9\\u00CA\\u1EC0\\u1EBE\\u1EC4\\u1EC2\\u1EBC\\u0112\\u1E14\\u1E16\\u0114\\u0116\\u00CB\\u1EBA\\u011A\\u0204\\u0206\\u1EB8\\u1EC6\\u0228\\u1E1C\\u0118\\u1E18\\u1E1A\\u0190\\u018E]","F":"[\\u0046\\u24BB\\uFF26\\u1E1E\\u0191\\uA77B]","G":"[\\u0047\\u24BC\\uFF27\\u01F4\\u011C\\u1E20\\u011E\\u0120\\u01E6\\u0122\\u01E4\\u0193\\uA7A0\\uA77D\\uA77E]","H":"[\\u0048\\u24BD\\uFF28\\u0124\\u1E22\\u1E26\\u021E\\u1E24\\u1E28\\u1E2A\\u0126\\u2C67\\u2C75\\uA78D]","I":"[\\u0049\\u24BE\\uFF29\\u00CC\\u00CD\\u00CE\\u0128\\u012A\\u012C\\u0130\\u00CF\\u1E2E\\u1EC8\\u01CF\\u0208\\u020A\\u1ECA\\u012E\\u1E2C\\u0197]","J":"[\\u004A\\u24BF\\uFF2A\\u0134\\u0248]","K":"[\\u004B\\u24C0\\uFF2B\\u1E30\\u01E8\\u1E32\\u0136\\u1E34\\u0198\\u2C69\\uA740\\uA742\\uA744\\uA7A2]","L":"[\\u004C\\u24C1\\uFF2C\\u013F\\u0139\\u013D\\u1E36\\u1E38\\u013B\\u1E3C\\u1E3A\\u0141\\u023D\\u2C62\\u2C60\\uA748\\uA746\\uA780]","LJ":"[\\u01C7]","Lj":"[\\u01C8]","M":"[\\u004D\\u24C2\\uFF2D\\u1E3E\\u1E40\\u1E42\\u2C6E\\u019C]","N":"[\\u004E\\u24C3\\uFF2E\\u01F8\\u0143\\u00D1\\u1E44\\u0147\\u1E46\\u0145\\u1E4A\\u1E48\\u0220\\u019D\\uA790\\uA7A4]","NJ":"[\\u01CA]","Nj":"[\\u01CB]","O":"[\\u004F\\u24C4\\uFF2F\\u00D2\\u00D3\\u00D4\\u1ED2\\u1ED0\\u1ED6\\u1ED4\\u00D5\\u1E4C\\u022C\\u1E4E\\u014C\\u1E50\\u1E52\\u014E\\u022E\\u0230\\u00D6\\u022A\\u1ECE\\u0150\\u01D1\\u020C\\u020E\\u01A0\\u1EDC\\u1EDA\\u1EE0\\u1EDE\\u1EE2\\u1ECC\\u1ED8\\u01EA\\u01EC\\u00D8\\u01FE\\u0186\\u019F\\uA74A\\uA74C]","OI":"[\\u01A2]","OO":"[\\uA74E]","OU":"[\\u0222]","P":"[\\u0050\\u24C5\\uFF30\\u1E54\\u1E56\\u01A4\\u2C63\\uA750\\uA752\\uA754]","Q":"[\\u0051\\u24C6\\uFF31\\uA756\\uA758\\u024A]","R":"[\\u0052\\u24C7\\uFF32\\u0154\\u1E58\\u0158\\u0210\\u0212\\u1E5A\\u1E5C\\u0156\\u1E5E\\u024C\\u2C64\\uA75A\\uA7A6\\uA782]","S":"[\\u0053\\u24C8\\uFF33\\u1E9E\\u015A\\u1E64\\u015C\\u1E60\\u0160\\u1E66\\u1E62\\u1E68\\u0218\\u015E\\u2C7E\\uA7A8\\uA784]","T":"[\\u0054\\u24C9\\uFF34\\u1E6A\\u0164\\u1E6C\\u021A\\u0162\\u1E70\\u1E6E\\u0166\\u01AC\\u01AE\\u023E\\uA786]","TZ":"[\\uA728]","U":"[\\u0055\\u24CA\\uFF35\\u00D9\\u00DA\\u00DB\\u0168\\u1E78\\u016A\\u1E7A\\u016C\\u00DC\\u01DB\\u01D7\\u01D5\\u01D9\\u1EE6\\u016E\\u0170\\u01D3\\u0214\\u0216\\u01AF\\u1EEA\\u1EE8\\u1EEE\\u1EEC\\u1EF0\\u1EE4\\u1E72\\u0172\\u1E76\\u1E74\\u0244]","V":"[\\u0056\\u24CB\\uFF36\\u1E7C\\u1E7E\\u01B2\\uA75E\\u0245]","VY":"[\\uA760]","W":"[\\u0057\\u24CC\\uFF37\\u1E80\\u1E82\\u0174\\u1E86\\u1E84\\u1E88\\u2C72]","X":"[\\u0058\\u24CD\\uFF38\\u1E8A\\u1E8C]","Y":"[\\u0059\\u24CE\\uFF39\\u1EF2\\u00DD\\u0176\\u1EF8\\u0232\\u1E8E\\u0178\\u1EF6\\u1EF4\\u01B3\\u024E\\u1EFE]","Z":"[\\u005A\\u24CF\\uFF3A\\u0179\\u1E90\\u017B\\u017D\\u1E92\\u1E94\\u01B5\\u0224\\u2C7F\\u2C6B\\uA762]","a":"[\\u0061\\u24D0\\uFF41\\u1E9A\\u00E0\\u00E1\\u00E2\\u1EA7\\u1EA5\\u1EAB\\u1EA9\\u00E3\\u0101\\u0103\\u1EB1\\u1EAF\\u1EB5\\u1EB3\\u0227\\u01E1\\u00E4\\u01DF\\u1EA3\\u00E5\\u01FB\\u01CE\\u0201\\u0203\\u1EA1\\u1EAD\\u1EB7\\u1E01\\u0105\\u2C65\\u0250]","aa":"[\\uA733]","ae":"[\\u00E6\\u01FD\\u01E3]","ao":"[\\uA735]","au":"[\\uA737]","av":"[\\uA739\\uA73B]","ay":"[\\uA73D]","b":"[\\u0062\\u24D1\\uFF42\\u1E03\\u1E05\\u1E07\\u0180\\u0183\\u0253]","c":"[\\u0063\\u24D2\\uFF43\\u0107\\u0109\\u010B\\u010D\\u00E7\\u1E09\\u0188\\u023C\\uA73F\\u2184]","d":"[\\u0064\\u24D3\\uFF44\\u1E0B\\u010F\\u1E0D\\u1E11\\u1E13\\u1E0F\\u0111\\u018C\\u0256\\u0257\\uA77A]","dz":"[\\u01F3\\u01C6]","e":"[\\u0065\\u24D4\\uFF45\\u00E8\\u00E9\\u00EA\\u1EC1\\u1EBF\\u1EC5\\u1EC3\\u1EBD\\u0113\\u1E15\\u1E17\\u0115\\u0117\\u00EB\\u1EBB\\u011B\\u0205\\u0207\\u1EB9\\u1EC7\\u0229\\u1E1D\\u0119\\u1E19\\u1E1B\\u0247\\u025B\\u01DD]","f":"[\\u0066\\u24D5\\uFF46\\u1E1F\\u0192\\uA77C]","g":"[\\u0067\\u24D6\\uFF47\\u01F5\\u011D\\u1E21\\u011F\\u0121\\u01E7\\u0123\\u01E5\\u0260\\uA7A1\\u1D79\\uA77F]","h":"[\\u0068\\u24D7\\uFF48\\u0125\\u1E23\\u1E27\\u021F\\u1E25\\u1E29\\u1E2B\\u1E96\\u0127\\u2C68\\u2C76\\u0265]","hv":"[\\u0195]","i":"[\\u0069\\u24D8\\uFF49\\u00EC\\u00ED\\u00EE\\u0129\\u012B\\u012D\\u00EF\\u1E2F\\u1EC9\\u01D0\\u0209\\u020B\\u1ECB\\u012F\\u1E2D\\u0268\\u0131]","j":"[\\u006A\\u24D9\\uFF4A\\u0135\\u01F0\\u0249]","k":"[\\u006B\\u24DA\\uFF4B\\u1E31\\u01E9\\u1E33\\u0137\\u1E35\\u0199\\u2C6A\\uA741\\uA743\\uA745\\uA7A3]","l":"[\\u006C\\u24DB\\uFF4C\\u0140\\u013A\\u013E\\u1E37\\u1E39\\u013C\\u1E3D\\u1E3B\\u017F\\u0142\\u019A\\u026B\\u2C61\\uA749\\uA781\\uA747]","lj":"[\\u01C9]","m":"[\\u006D\\u24DC\\uFF4D\\u1E3F\\u1E41\\u1E43\\u0271\\u026F]","n":"[\\u006E\\u24DD\\uFF4E\\u01F9\\u0144\\u00F1\\u1E45\\u0148\\u1E47\\u0146\\u1E4B\\u1E49\\u019E\\u0272\\u0149\\uA791\\uA7A5]","nj":"[\\u01CC]","o":"[\\u006F\\u24DE\\uFF4F\\u00F2\\u00F3\\u00F4\\u1ED3\\u1ED1\\u1ED7\\u1ED5\\u00F5\\u1E4D\\u022D\\u1E4F\\u014D\\u1E51\\u1E53\\u014F\\u022F\\u0231\\u00F6\\u022B\\u1ECF\\u0151\\u01D2\\u020D\\u020F\\u01A1\\u1EDD\\u1EDB\\u1EE1\\u1EDF\\u1EE3\\u1ECD\\u1ED9\\u01EB\\u01ED\\u00F8\\u01FF\\u0254\\uA74B\\uA74D\\u0275]","oi":"[\\u01A3]","ou":"[\\u0223]","oo":"[\\uA74F]","p":"[\\u0070\\u24DF\\uFF50\\u1E55\\u1E57\\u01A5\\u1D7D\\uA751\\uA753\\uA755]","q":"[\\u0071\\u24E0\\uFF51\\u024B\\uA757\\uA759]","r":"[\\u0072\\u24E1\\uFF52\\u0155\\u1E59\\u0159\\u0211\\u0213\\u1E5B\\u1E5D\\u0157\\u1E5F\\u024D\\u027D\\uA75B\\uA7A7\\uA783]","s":"[\\u0073\\u24E2\\uFF53\\u015B\\u1E65\\u015D\\u1E61\\u0161\\u1E67\\u1E63\\u1E69\\u0219\\u015F\\u023F\\uA7A9\\uA785\\u1E9B]","ss":"[\\u00DF]","t":"[\\u0074\\u24E3\\uFF54\\u1E6B\\u1E97\\u0165\\u1E6D\\u021B\\u0163\\u1E71\\u1E6F\\u0167\\u01AD\\u0288\\u2C66\\uA787]","tz":"[\\uA729]","u":"[\\u0075\\u24E4\\uFF55\\u00F9\\u00FA\\u00FB\\u0169\\u1E79\\u016B\\u1E7B\\u016D\\u00FC\\u01DC\\u01D8\\u01D6\\u01DA\\u1EE7\\u016F\\u0171\\u01D4\\u0215\\u0217\\u01B0\\u1EEB\\u1EE9\\u1EEF\\u1EED\\u1EF1\\u1EE5\\u1E73\\u0173\\u1E77\\u1E75\\u0289]","v":"[\\u0076\\u24E5\\uFF56\\u1E7D\\u1E7F\\u028B\\uA75F\\u028C]","vy":"[\\uA761]","w":"[\\u0077\\u24E6\\uFF57\\u1E81\\u1E83\\u0175\\u1E87\\u1E85\\u1E98\\u1E89\\u2C73]","x":"[\\u0078\\u24E7\\uFF58\\u1E8B\\u1E8D]","y":"[\\u0079\\u24E8\\uFF59\\u1EF3\\u00FD\\u0177\\u1EF9\\u0233\\u1E8F\\u00FF\\u1EF7\\u1E99\\u1EF5\\u01B4\\u024F\\u1EFF]","z":"[\\u007A\\u24E9\\uFF5A\\u017A\\u1E91\\u017C\\u017E\\u1E93\\u1E95\\u01B6\\u0225\\u0240\\u2C6C\\uA763]"},"researchesTests":["contentHasTOC","contentHasShortParagraphs","contentHasAssets","keywordInTitle","keywordInMetaDescription","keywordInPermalink","keywordIn10Percent","keywordInContent","keywordInSubheadings","keywordInImageAlt","keywordDensity","keywordNotUsed","lengthContent","lengthPermalink","linksHasInternal","linksHasExternals","linksNotAllExternals","titleStartWithKeyword","titleSentiment","titleHasPowerWords","titleHasNumber","hasContentAI"],"hasRedirection":false,"hasBreadcrumb":true},"homeUrl":"https:\/\/secretaligner.com\/pt\/","objectID":712,"objectType":"post","locale":"pt","localeFull":"pt","overlayImages":{"play":{"name":"Play icon","url":"https:\/\/secretaligner.com\/wp-content\/plugins\/seo-by-rank-math\/assets\/admin\/img\/icon-play.png","path":"\/home\/forge\/secretaligner.com\/wp-content\/plugins\/seo-by-rank-math\/assets\/admin\/img\/icon-play.png","position":"middle_center"},"gif":{"name":"GIF icon","url":"https:\/\/secretaligner.com\/wp-content\/plugins\/seo-by-rank-math\/assets\/admin\/img\/icon-gif.png","path":"\/home\/forge\/secretaligner.com\/wp-content\/plugins\/seo-by-rank-math\/assets\/admin\/img\/icon-gif.png","position":"middle_center"}},"defautOgImage":"https:\/\/secretaligner.com\/wp-content\/uploads\/2025\/04\/opengraph-secretaligner.png","customPermalinks":true,"isUserRegistered":false,"autoSuggestKeywords":false,"connectSiteUrl":"https:\/\/rankmath.com\/auth?site=https%3A%2F%2Fsecretaligner.com%2Fpt%2F&r=https%3A%2F%2Fsecretaligner.com%2Fpt%2Fwp-json%2Fwp%2Fv2%2Fpages%2F712%3Fnonce%3Dcaea19eaaa","maxTags":5,"trendsIcon":"<svg viewBox=\"0 0 610 610\"><path d=\"M18.85,446,174.32,290.48l58.08,58.08L76.93,504a14.54,14.54,0,0,1-20.55,0L18.83,466.48a14.54,14.54,0,0,1,0-20.55Z\" style=\"fill:#4285f4\"\/><path d=\"M242.65,242.66,377.59,377.6l-47.75,47.75a14.54,14.54,0,0,1-20.55,0L174.37,290.43l47.75-47.75A14.52,14.52,0,0,1,242.65,242.66Z\" style=\"fill:#ea4335\"\/><polygon points=\"319.53 319.53 479.26 159.8 537.34 217.88 377.61 377.62 319.53 319.53\" style=\"fill:#fabb05\"\/><path d=\"M594.26,262.73V118.61h0a16.94,16.94,0,0,0-16.94-16.94H433.2a16.94,16.94,0,0,0-12,28.92L565.34,274.71h0a16.94,16.94,0,0,0,28.92-12Z\" style=\"fill:#34a853\"\/><rect width=\"610\" height=\"610\" style=\"fill:none\"\/><\/svg>","showScore":true,"siteFavIcon":"https:\/\/secretaligner.com\/wp-content\/uploads\/2025\/04\/cropped-googleimage-secretaligner-32x32.png","canUser":{"general":false,"advanced":false,"snippet":false,"social":false,"analysis":false,"analytics":false,"content_ai":false},"showKeywordIntent":true,"isPro":false,"is_front_page":false,"trendsUpgradeLink":"https:\/\/rankmath.com\/pricing\/?utm_source=Plugin&utm_medium=CE%20General%20Tab%20Trends&utm_campaign=WP","trendsUpgradeLabel":"Upgrade","trendsPreviewImage":"https:\/\/secretaligner.com\/wp-content\/plugins\/seo-by-rank-math\/assets\/admin\/img\/trends-preview.jpg","currentEditor":false,"homepageData":{"assessor":{"powerWords":[],"diacritics":true,"researchesTests":["contentHasTOC","contentHasShortParagraphs","contentHasAssets","keywordInTitle","keywordInMetaDescription","keywordInPermalink","keywordIn10Percent","keywordInContent","keywordInSubheadings","keywordInImageAlt","keywordDensity","keywordNotUsed","lengthContent","lengthPermalink","linksHasInternal","linksHasExternals","linksNotAllExternals","titleStartWithKeyword","titleSentiment","titleHasPowerWords","titleHasNumber","hasContentAI"],"hasBreadcrumb":true,"serpData":{"title":"%sitename% %page% %sep% %sitedesc%","description":"","titleTemplate":"%sitename% %page% %sep% %sitedesc%","descriptionTemplate":"","focusKeywords":"","breadcrumbTitle":"Home","robots":{"index":true},"advancedRobots":{"max-snippet":"-1","max-video-preview":"-1","max-image-preview":"large"},"facebookTitle":"","facebookDescription":"","facebookImage":"","facebookImageID":""}}},"tocTitle":"Table of Contents","tocExcludeHeadings":[],"listStyle":"ul"},"_links":{"self":[{"href":"https:\/\/secretaligner.com\/pt\/wp-json\/wp\/v2\/pages\/712","targetHints":{"allow":["GET"]}}],"collection":[{"href":"https:\/\/secretaligner.com\/pt\/wp-json\/wp\/v2\/pages"}],"about":[{"href":"https:\/\/secretaligner.com\/pt\/wp-json\/wp\/v2\/types\/page"}],"author":[{"embeddable":true,"href":"https:\/\/secretaligner.com\/pt\/wp-json\/wp\/v2\/users\/1"}],"replies":[{"embeddable":true,"href":"https:\/\/secretaligner.com\/pt\/wp-json\/wp\/v2\/comments?post=712"}],"version-history":[{"count":2,"href":"https:\/\/secretaligner.com\/pt\/wp-json\/wp\/v2\/pages\/712\/revisions"}],"predecessor-version":[{"id":1129,"href":"https:\/\/secretaligner.com\/pt\/wp-json\/wp\/v2\/pages\/712\/revisions\/1129"}],"wp:attachment":[{"href":"https:\/\/secretaligner.com\/pt\/wp-json\/wp\/v2\/media?parent=712"}],"curies":[{"name":"wp","href":"https:\/\/api.w.org\/{rel}","templated":true}]}}